{"id":8,"date":"2022-10-16T20:12:20","date_gmt":"2022-10-16T18:12:20","guid":{"rendered":"https:\/\/ensemble-correspondances.lacooperativedesinternets.fr\/en\/?page_id=8"},"modified":"2026-03-16T21:37:02","modified_gmt":"2026-03-16T20:37:02","slug":"presentation","status":"publish","type":"page","link":"https:\/\/www.ensemblecorrespondances.com\/en\/presentation\/","title":{"rendered":"Presentation"},"content":{"rendered":"\n<p>Founded in Lyon in 2009, Correspondances brings together under the direction of the harpsichordist and organist <strong>S\u00e9bastien Dauc\u00e9<\/strong> a group of singers and instrumentalists, all of whom are specialists in baroque music. In a few short years of existence, Correspondances has become a benchmark ensemble in the seventeenth-century French repertory. Placing itself under the auspices of Baudelaire\u2019s notion of correspondences between the arts, it performs music whose sonorities can still directly touch today\u2019s listeners while presenting staged productions of rarer and more original forms.&nbsp;<\/p>\n\n\n\n<p>Pour ceux qui recherchent un espace de jeu en ligne sans fioritures, <a href=\"https:\/\/win-bet.app\" target=\"_blank\" rel=\"noreferrer noopener\">winbet games<\/a> va droit au but. Les jeux sont class\u00e9s de mani\u00e8re claire et la recherche par nom ou par cat\u00e9gorie fonctionne parfaitement. Les transactions financi\u00e8res sont trait\u00e9es avec rigueur et confidentialit\u00e9.<\/p>\n\n\n\n<p>The rediscovery of previously unpublished works, and the expression of a style as close as possible to the 17th century\u2019s, is at the core of the ensemble&#8217;s project. Its long-term research programs have led to moving events, such as the monumental reconstruction of the <em><strong>Coronation of Louis XIV<\/strong><\/em>, or of the music of the <em><strong>Ballet Royal de la Nuit<\/strong><\/em>, thus allowing us to rediscover a major musical moment of the 17th century, which inaugurated the reign of the Sun King.&nbsp;<\/p>\n\n\n\n<p>The ensemble\u2019s commitment to breathe new life into already well-known composers and restoring the image of figures less familiar today but celebrated and frequently performed in their own time has already yielded <strong>twenty critically acclaimed recordings<\/strong>, which have earned national and international distinctions. Among them: <em>Litanies de la Vierge<\/em> (2013), <em>Pastorale de No\u00ebl<\/em> (2016), <em>Histoires Sacr\u00e9es<\/em> (2019), <em>Messe de Minuit<\/em> (2023) by the ensemble&#8217;s favorite composer, Marc-Antoine Charpentier ; <em>Grands motets<\/em> by Henry du Mont (2016) and Michel-Richard de Lalande (2022); <em>Perpetual Night<\/em>, debut album by soloist Lucile Richardot (2018); or Buxtehude&#8217;s <em>Membra Jesu Nostri<\/em> (2021), Matthew Locke&#8217;s <em>Psyche<\/em> (2022), <em>Andr\u00e9 Campra : Requiem Mass &amp; The Masters of Notre-Dame<\/em> (2024) and <em>Northern Light<\/em> (2025) with soloist Lucile Richardot, awarded a Diapason d\u2019Or.&nbsp;<\/p>\n\n\n\n<p>In the same momentum of rediscovering the lyrical scene that preceded the opera, Correspondances is keen to revive French or foreign scenic forms such as the ballet de cour, the \u201csacred story\u201d, the semi-opera or the mask. In 2017, <em><strong>Le Ballet royal de la nuit<\/strong><\/em> was created at the th\u00e9\u00e2tre de Caen, a grandiose, magical and contemporary show imagined by choreographer Francesca Lattuada. The ensemble continues its exploration of the experimental formats that marked the Grand Si\u00e8cle with staged productions as <em><strong>Songs<\/strong><\/em> directed by Samuel Achache, for the voice of Lucile Richardot, or the mask <em><strong>Cupid &amp; Death<\/strong><\/em> created in 2021 at the th\u00e9\u00e2tre de Caen, an eccentric entertainment in an upside down world shaped by Jos Houben and Emily Wilson. For the first time in 2021, Correspondances was premiered at the Festival d\u2019art lyrique d\u2019Aix-en-Provence with <em><strong>Combattimento, the black swan theory<\/strong><\/em>, a creation about masterpieces of Monteverdi and Italian composers from the 17th Century staged by Silvia Costa. In 2023, Correspondances premiered <em>David et Jonathas<\/em> at the Th\u00e9\u00e2tre de Caen, directed by Jean Bellorini, reviving the hybrid form in which opera and theater were intimately linked.<\/p>\n\n\n\n<p>In 2025, Correspondances returned to the Aix-en-Provence Festival with a production of Cavalli&#8217;s <em><strong>La Calisto<\/strong><\/em>, directed by Jetske Mijnssen. Also in 2025, the ensemble revived the <em><strong>Coronation of Louis XIV<\/strong><\/em> in a grandiose staging designed by Rosabel Huguet at the Philharmonie de Paris, accompanied by the children of the Philharmonie&#8217;s EVE choir, the Ma\u00eetrise and the Scuola de Caen.<\/p>\n\n\n\n<p>Off the beaten track, Correspondances brings polyphony and lyrical to places where they are not expected. Since 2020, the ensemble has been cycling the roads every summer, bringing baroque music at the heart of Normandy. A musical adventure for all ages.&nbsp;<\/p>\n\n\n\n<p>In 2023, the ensemble honored its favourite composer, Marc-Antoine Charpentier, with its first edition of Les Heures Musicales de la Sainte-Chapelle de Paris, in collaboration with the Centre des monuments nationaux, renewed for a second edition in October 2024.&nbsp;&nbsp;<\/p>\n\n\n\n<p>Correspondances is the 2024 winner of the Liliane Bettencourt Prize for choral singing awarded by the Bettencourt Schueller Foundation, in partnership with the Acad\u00e9mie des beaux-arts.&nbsp;<\/p>\n\n\n\n<p><\/p>\n\n\n\n<p><\/p>\n\n\n\n<p><em>Correspondances is in residence at the theater of Caen. It receives the support of la vie br\u00e8ve &#8211; Th\u00e9\u00e2tre de l&#8217;Aquarium for its creation residency.&nbsp;<\/em>&nbsp;<\/p>\n\n\n\n<p><em>Correspondances is supported by the Ministry of Culture &#8211; DRAC Normandie, the Normandy Region, the Calvados department, the City and the Theater of Caen.&nbsp;<\/em>&nbsp;<\/p>\n\n\n\n<p><em>The ensemble is assisted by the Correspondances Foundation, which brings together music lovers active in supporting research, publishing and interpretation of 17th Century music.&nbsp;<\/em>&nbsp;<\/p>\n\n\n\n<p><em>It receives regular support from the Calvados department, the French Institute, the ODIA Normandie and the Centre National de la Musique for its concert, export and recording activities.<\/em>&nbsp;<\/p>\n\n\n\n<p><em>The Ensemble Correspondances is a member of Arviva &#8211; Arts vivants, Arts durables, and is committed to the environmental transition of performing arts. The ensemble is a member of FEVIS, Profedim and the European Early Music Network.<\/em>&nbsp;<\/p>\n\n\n\n<p><em>The Ensemble Correspondances is the 2024 winner of the Liliane Bettencourt Prize for choral singing from the Bettencourt Schueller Foundation.&nbsp;&nbsp;<\/em>&nbsp;<\/p>\n\n\n\n<p><em>The Soci\u00e9t\u00e9 G\u00e9n\u00e9rale Foundation is a patron of the Ensemble Correspondances.&nbsp;&nbsp;<\/em>&nbsp;<\/p>\n\n\n\n<h2 class=\"wp-block-heading\">They support us in Normandy<\/h2>\n\n\n\n\n\n<h2 class=\"wp-block-heading\">They support us during the season<\/h2>\n\n\n\n\n\n<p><\/p>\n","protected":false},"excerpt":{"rendered":"<p>Founded in Lyon in 2009, Correspondances brings together under the direction of the harpsichordist and organist S\u00e9bastien Dauc\u00e9 a group of singers and instrumentalists, all of whom are specialists in baroque music. In a few short years of existence, Correspondances has become a benchmark ensemble in the seventeenth-century French repertory. Placing itself under the auspices [&hellip;]<\/p>\n","protected":false},"author":1,"featured_media":1743,"parent":0,"menu_order":0,"comment_status":"closed","ping_status":"closed","template":"page-split.php","meta":{"_acf_changed":false,"footnotes":""},"class_list":["post-8","page","type-page","status-publish","has-post-thumbnail","hentry"],"acf":[],"_links":{"self":[{"href":"https:\/\/www.ensemblecorrespondances.com\/en\/wp-json\/wp\/v2\/pages\/8","targetHints":{"allow":["GET"]}}],"collection":[{"href":"https:\/\/www.ensemblecorrespondances.com\/en\/wp-json\/wp\/v2\/pages"}],"about":[{"href":"https:\/\/www.ensemblecorrespondances.com\/en\/wp-json\/wp\/v2\/types\/page"}],"author":[{"embeddable":true,"href":"https:\/\/www.ensemblecorrespondances.com\/en\/wp-json\/wp\/v2\/users\/1"}],"replies":[{"embeddable":true,"href":"https:\/\/www.ensemblecorrespondances.com\/en\/wp-json\/wp\/v2\/comments?post=8"}],"version-history":[{"count":8,"href":"https:\/\/www.ensemblecorrespondances.com\/en\/wp-json\/wp\/v2\/pages\/8\/revisions"}],"predecessor-version":[{"id":2155,"href":"https:\/\/www.ensemblecorrespondances.com\/en\/wp-json\/wp\/v2\/pages\/8\/revisions\/2155"}],"wp:featuredmedia":[{"embeddable":true,"href":"https:\/\/www.ensemblecorrespondances.com\/en\/wp-json\/wp\/v2\/media\/1743"}],"wp:attachment":[{"href":"https:\/\/www.ensemblecorrespondances.com\/en\/wp-json\/wp\/v2\/media?parent=8"}],"curies":[{"name":"wp","href":"https:\/\/api.w.org\/{rel}","templated":true}]}}