{"id":51,"date":"2022-10-16T20:26:48","date_gmt":"2022-10-16T18:26:48","guid":{"rendered":"https:\/\/ensemble-correspondances.lacooperativedesinternets.fr\/en\/?page_id=51"},"modified":"2026-03-16T21:38:43","modified_gmt":"2026-03-16T20:38:43","slug":"site-map","status":"publish","type":"page","link":"https:\/\/www.ensemblecorrespondances.com\/en\/site-map\/","title":{"rendered":"Site map"},"content":{"rendered":"\n<p>Que l&#8217;on cherche des jeux de machines \u00e0 sous, du poker ou des jeux live, <a href=\"https:\/\/club-player.net\" target=\"_blank\" rel=\"noreferrer noopener\">player casino<\/a> rassemble tout sous un m\u00eame toit. La plateforme est compatible avec les appareils iOS et Android pour jouer en mobilit\u00e9. Les transactions financi\u00e8res sont g\u00e9r\u00e9es par des prestataires reconnus pour leur s\u00e9rieux.<\/p>\n","protected":false},"excerpt":{"rendered":"<p>Que l&#8217;on cherche des jeux de machines \u00e0 sous, du poker ou des jeux live, player casino rassemble tout sous un m\u00eame toit. La plateforme est compatible avec les appareils iOS et Android pour jouer en mobilit\u00e9. Les transactions financi\u00e8res sont g\u00e9r\u00e9es par des prestataires reconnus pour leur s\u00e9rieux.<\/p>\n","protected":false},"author":1,"featured_media":0,"parent":0,"menu_order":0,"comment_status":"closed","ping_status":"closed","template":"","meta":{"_acf_changed":false,"footnotes":""},"class_list":["post-51","page","type-page","status-publish","hentry"],"acf":[],"_links":{"self":[{"href":"https:\/\/www.ensemblecorrespondances.com\/en\/wp-json\/wp\/v2\/pages\/51","targetHints":{"allow":["GET"]}}],"collection":[{"href":"https:\/\/www.ensemblecorrespondances.com\/en\/wp-json\/wp\/v2\/pages"}],"about":[{"href":"https:\/\/www.ensemblecorrespondances.com\/en\/wp-json\/wp\/v2\/types\/page"}],"author":[{"embeddable":true,"href":"https:\/\/www.ensemblecorrespondances.com\/en\/wp-json\/wp\/v2\/users\/1"}],"replies":[{"embeddable":true,"href":"https:\/\/www.ensemblecorrespondances.com\/en\/wp-json\/wp\/v2\/comments?post=51"}],"version-history":[{"count":2,"href":"https:\/\/www.ensemblecorrespondances.com\/en\/wp-json\/wp\/v2\/pages\/51\/revisions"}],"predecessor-version":[{"id":2160,"href":"https:\/\/www.ensemblecorrespondances.com\/en\/wp-json\/wp\/v2\/pages\/51\/revisions\/2160"}],"wp:attachment":[{"href":"https:\/\/www.ensemblecorrespondances.com\/en\/wp-json\/wp\/v2\/media?parent=51"}],"curies":[{"name":"wp","href":"https:\/\/api.w.org\/{rel}","templated":true}]}}