{"id":49,"date":"2022-10-16T20:26:35","date_gmt":"2022-10-16T18:26:35","guid":{"rendered":"https:\/\/ensemble-correspondances.lacooperativedesinternets.fr\/en\/?page_id=49"},"modified":"2026-03-16T21:37:38","modified_gmt":"2026-03-16T20:37:38","slug":"legal","status":"publish","type":"page","link":"https:\/\/www.ensemblecorrespondances.com\/en\/legal\/","title":{"rendered":"Legal"},"content":{"rendered":"\n<p>Politique de confidentialit\u00e9 &nbsp;<\/p>\n\n\n\n<p><em>www.ensemblecorrespondances.com<\/em><\/p>\n\n\n\n<p>ARTICLE 1 : PR\u00c9AMBULE&nbsp;<\/p>\n\n\n\n<p>La pr\u00e9sente politique de confidentialit\u00e9 a pour but d\u2019informer les utilisateurs du site :&nbsp;<\/p>\n\n\n\n<p>Ce qui distingue <a href=\"https:\/\/twincasino-online.fr\" target=\"_blank\" rel=\"noreferrer noopener\">twin casino en ligne<\/a> de nombreux concurrents, c&#8217;est l&#8217;attention port\u00e9e \u00e0 la qualit\u00e9 des jeux propos\u00e9s. Chaque titre est fourni par un d\u00e9veloppeur reconnu et fonctionne de mani\u00e8re fluide sur tous les supports. Les conditions de mise sont affich\u00e9es de fa\u00e7on transparente sur chaque page du site.<\/p>\n\n\n\n<ul class=\"wp-block-list\">\n<li>Sur la mani\u00e8re dont sont collect\u00e9es leurs donn\u00e9es personnelles. Sont consid\u00e9r\u00e9es comme des donn\u00e9es personnelles, toute information permettant d\u2019identifier un utilisateur. \u00c0 ce titre, il peut s\u2019agir : de ses noms et pr\u00e9noms, de son \u00e2ge, de son adresse postale ou email, de sa localisation ou encore de son adresse IP (liste non-exhaustive) ;<\/li>\n\n\n\n<li>Sur les droits dont ils disposent concernant ces donn\u00e9es ;&nbsp;<\/li>\n\n\n\n<li>Sur la personne responsable du traitement des donn\u00e9es \u00e0 caract\u00e8re personnel collect\u00e9es et trait\u00e9es ;&nbsp;<\/li>\n\n\n\n<li>Sur les destinataires de ces donn\u00e9es personnelles ;&nbsp;<\/li>\n\n\n\n<li>Sur la politique du site en mati\u00e8re de cookies.&nbsp;<\/li>\n<\/ul>\n\n\n\n<p><\/p>\n\n\n\n<p>ARTICLE 2 : PRINCIPES RELATIFS \u00c0 LA COLLECTE ET AU TRAITEMENT DES DONN\u00c9ES PERSONNELLES&nbsp;&nbsp;<\/p>\n\n\n\n<p>Conform\u00e9ment \u00e0 l\u2019article 5 du R\u00e8glement europ\u00e9en 2016\/679, les donn\u00e9es \u00e0 caract\u00e8re personnel sont :&nbsp;&nbsp;<\/p>\n\n\n\n<ul class=\"wp-block-list\">\n<li>Trait\u00e9es de mani\u00e8re licite, loyale et transparente au regard de la personne concern\u00e9e ;<\/li>\n\n\n\n<li>Collect\u00e9es pour des finalit\u00e9s d\u00e9termin\u00e9es (cf. Article 3.1 des pr\u00e9sentes), explicites et l\u00e9gitimes, et ne pas \u00eatre trait\u00e9es ult\u00e9rieurement d&#8217;une mani\u00e8re incompatible avec ces finalit\u00e9s ;<\/li>\n\n\n\n<li>Ad\u00e9quates, pertinentes et limit\u00e9es \u00e0 ce qui est n\u00e9cessaire au regard des finalit\u00e9s pour lesquelles elles sont trait\u00e9es ;<\/li>\n\n\n\n<li>Exactes et, si n\u00e9cessaire, tenues \u00e0 jour. Toutes les mesures raisonnables doivent \u00eatre prises pour que les donn\u00e9es \u00e0 caract\u00e8re personnel qui sont inexactes, eu \u00e9gard aux finalit\u00e9s pour lesquelles elles sont trait\u00e9es, soient effac\u00e9es ou rectifi\u00e9es sans tarder ;&nbsp;<\/li>\n\n\n\n<li>Conserv\u00e9es sous une forme permettant l&#8217;identification des personnes concern\u00e9es pendant une dur\u00e9e n&#8217;exc\u00e9dant pas celle n\u00e9cessaire au regard des finalit\u00e9s pour lesquelles elles sont trait\u00e9es ;<\/li>\n\n\n\n<li>Trait\u00e9es de fa\u00e7on \u00e0 garantir une s\u00e9curit\u00e9 appropri\u00e9e des donn\u00e9es collect\u00e9es, y compris la protection contre le traitement non autoris\u00e9 ou illicite et contre la perte, la destruction ou les d\u00e9g\u00e2ts d&#8217;origine accidentelle, \u00e0 l&#8217;aide de mesures techniques ou organisationnelles appropri\u00e9es.<\/li>\n<\/ul>\n\n\n\n<p>Le traitement n&#8217;est licite que si, et dans la mesure o\u00f9, au moins une des conditions suivantes est remplie :<\/p>\n\n\n\n<ul class=\"wp-block-list\">\n<li>La personne concern\u00e9e a consenti au traitement de ses donn\u00e9es \u00e0 caract\u00e8re personnel pour une ou plusieurs finalit\u00e9s sp\u00e9cifiques ;<\/li>\n\n\n\n<li>Le traitement est n\u00e9cessaire \u00e0 l&#8217;ex\u00e9cution d&#8217;un contrat auquel la personne concern\u00e9e est partie ou \u00e0 l&#8217;ex\u00e9cution de mesures pr\u00e9contractuelles prises \u00e0 la demande de celle-ci ;<\/li>\n\n\n\n<li>Le traitement est n\u00e9cessaire au respect d&#8217;une obligation l\u00e9gale \u00e0 laquelle le responsable du traitement est soumis ;<\/li>\n\n\n\n<li>Le traitement est n\u00e9cessaire \u00e0 la sauvegarde des int\u00e9r\u00eats vitaux de la personne concern\u00e9e ou d&#8217;une autre personne physique ;<\/li>\n\n\n\n<li>Le traitement est n\u00e9cessaire \u00e0 l&#8217;ex\u00e9cution d&#8217;une mission d&#8217;int\u00e9r\u00eat public ou relevant de l&#8217;exercice de l&#8217;autorit\u00e9 publique dont est investi le responsable du traitement ;<\/li>\n\n\n\n<li>Le traitement est n\u00e9cessaire aux fins des int\u00e9r\u00eats l\u00e9gitimes poursuivis par le responsable du traitement ou par un tiers, \u00e0 moins que ne pr\u00e9valent les int\u00e9r\u00eats ou les libert\u00e9s et droits fondamentaux de la personne concern\u00e9e qui exigent une protection des donn\u00e9es \u00e0 caract\u00e8re personnel, notamment lorsque la personne concern\u00e9e est un enfant.<\/li>\n<\/ul>\n\n\n\n<p>ARTICLE 3 : DONN\u00c9ES \u00c0 CARACT\u00c8RE PERSONNEL COLLECT\u00c9ES ET TRAIT\u00c9ES DANS LE CADRE DE LA NAVIGATION SUR LE SITE&nbsp;<\/p>\n\n\n\n<p><strong>Article 3.1 : Donn\u00e9es collect\u00e9es&nbsp;<\/strong><\/p>\n\n\n\n<p>Les donn\u00e9es personnelles collect\u00e9es dans le cadre des activit\u00e9 de l\u2019ensemble Correspondances sont les suivantes :&nbsp; adresse IP (protocole internet), nom de domaine, type de navigateur, syst\u00e8me d\u2019exploitation.<\/p>\n\n\n\n<p>Si l\u2019utilisateur s\u2019inscrit \u00e0 une liste de diffusion, les renseignements suivants seront collect\u00e9s&nbsp;: nom complet et adresse \u00e9lectronique.<\/p>\n\n\n\n<p>La collecte et le traitement de ces donn\u00e9es r\u00e9pondent aux finalit\u00e9s suivantes : comprendre comment les gens utilisent le site web de l\u2019ensemble Correspondances et optimisation des publicit\u00e9s digitale.&nbsp;<\/p>\n\n\n\n<p><strong>Article 3.2 : Finalit\u00e9 des donn\u00e9es collect\u00e9es<\/strong><\/p>\n\n\n\n<p>Les donn\u00e9es sont collect\u00e9es aux fins suivantes&nbsp;:<br>&#8211; Proposer des publicit\u00e9s personnalis\u00e9es sur des sites Web tiers et des plateformes de m\u00e9dias sociaux qui correspondent \u00e0 l\u2019int\u00e9r\u00eat pour l\u2019ensemble Correspondances.<br>&#8211; Limiter le nombre de fois o\u00f9 une personne voit une publicit\u00e9<br>&#8211; Mesurer l\u2019efficacit\u00e9 d\u2019une campagne publicitaire. Ces publicit\u00e9s sont activ\u00e9es \u00e0 l\u2019aide de cookies tiers.<br>Il est possible de se d\u00e9sengager du ciblage Google AdWords en visitant la section Param\u00e8tre des annonces Google gr\u00e2ce \u00e0 ce lien&nbsp;: <a href=\"https:\/\/wwww.googgle.com\/settings\/ads\">https:\/\/wwww.googgle.com\/settings\/ads<\/a><\/p>\n\n\n\n<p>Il est possible de ne pas voir les publicit\u00e9s en ligne bas\u00e9es sur les int\u00e9r\u00eats de Facebook et d\u2019autres entreprises participantes par l\u2019interm\u00e9diaire de la digital Advertising alliance aux \u00c9tats-Unis, de la Digital Advertising Alliance of Canada au Canada ou de l\u2019European Interactive Digital Advertising Alliance en Europe, ou encore par l\u2019interm\u00e9diaire des param\u00e8tres de votre appareil mibile.<\/p>\n\n\n\n<p><strong>Article 3.3 : H\u00e9bergement des donn\u00e9es<\/strong><\/p>\n\n\n\n<p>Le site <a href=\"http:\/\/www.ensemblecorrespondances.com\"><em>www.ensemblecorrespondances.com<\/em><\/a><em> <\/em>est h\u00e9berg\u00e9 par :&nbsp;<\/p>\n\n\n\n<p>La Coop\u00e9rative des Internets<br>10 bis Rue Jangot, 69007 Lyon, France<br>04 28 29 73 12<br>contact@lacooperativedesinternets.fr<br><br><\/p>\n\n\n\n<p><strong>Article 3.4 : Transmission des donn\u00e9es \u00e0 des tiers<\/strong><\/p>\n\n\n\n<p>L\u2019ensemble Correspondances s\u2019engage \u00e0 prot\u00e9ger les donn\u00e9es personnelles qui lui sont confi\u00e9es et adopte des technologies et des politiques appropri\u00e9es pour prot\u00e9ger les informations qui lui sont fournies contre l\u2019acc\u00e8s non autoris\u00e9 et l\u2019utilisation abusive.<\/p>\n\n\n\n<p>L\u2019ensemble Correspondances ne vendra pas les donn\u00e9es personnelles \u00e0 des tiers ou ne les utilisera pas \u00e0 des fins non pr\u00e9vues dans la pr\u00e9sente politique de confidentialit\u00e9. S\u2019il est n\u00e9cessaire de transf\u00e9rer les donn\u00e9es en dehors de l\u2019Espace \u00e9conomique europ\u00e9en (EEE), l\u2019ensemble Correspondances fera ses meilleurs efforts pour s\u2019assurer que les donn\u00e9es continuent d\u2019\u00eatre prot\u00e9g\u00e9es.<\/p>\n\n\n\n<p>ARTICLE 4 : RESPONSABLE DU TRAITEMENT DES DONN\u00c9ES ET D\u00c9L\u00c9GU\u00c9 \u00c0 LA PROTECTION DES DONN\u00c9ES&nbsp;<br><br><\/p>\n\n\n\n<p><strong>Article 4.1 : Le responsable du traitement des donn\u00e9es&nbsp;<\/strong><\/p>\n\n\n\n<p>Les donn\u00e9es \u00e0 caract\u00e8re personnelles sont collect\u00e9es par Ensemble Correspondance.<\/p>\n\n\n\n<p>Le responsable du traitement des donn\u00e9es \u00e0 caract\u00e8re personnel peut \u00eatre contact\u00e9 de la mani\u00e8re suivante :&nbsp;<br>Par courrier \u00e0 l\u2019adresse :&nbsp; 87 rue R\u00e9aumur, 75002 Paris, France;&nbsp;<br>Par t\u00e9l\u00e9phone, au 06 50 33 38 86 ;<br>Par mail : contact@nsemblecorrepsondances.com<\/p>\n\n\n\n<p><strong>Article 4.2 : Le d\u00e9l\u00e9gu\u00e9 \u00e0 la protection des donn\u00e9es <\/strong>&nbsp;<\/p>\n\n\n\n<p>Le d\u00e9l\u00e9gu\u00e9 \u00e0 la protection des donn\u00e9es de l\u2019entreprise ou du responsable est :<br>C\u00e9line Portes<br>87 rue R\u00e9aumur, 75002 Paris, France<br>celine@ensemblecorrepsondances.com<br>06 50 33 38 86<br><br><\/p>\n\n\n\n<p>Si vous estimez, apr\u00e8s avoir contact\u00e9s le d\u00e9l\u00e9gu\u00e9 \u00e0 la protection des donn\u00e9es, que vos droits \u201cInformatique et Libert\u00e9s\u201d ne sont pas respect\u00e9s, vous pouvez adresser une information \u00e0 la CNIL.<\/p>\n\n\n\n<p>ARTICLE 5 : LES DROITS DE L\u2019UTILISATEUR EN MATI\u00c8RE DE COLLECTE ET DE TRAITEMENT DES DONN\u00c9ES&nbsp;<\/p>\n\n\n\n<p>Tout utilisateur concern\u00e9 par le traitement de ses donn\u00e9es personnelles peut se pr\u00e9valoir des droits suivants, en application du r\u00e8glement europ\u00e9en 2016\/679 et de la Loi Informatique et Libert\u00e9 (Loi 78-17 du 6 janvier 1978) :&nbsp;&nbsp;<\/p>\n\n\n\n<ul class=\"wp-block-list\">\n<li>Droit d\u2019acc\u00e8s, de rectification et droit \u00e0 l\u2019effacement des donn\u00e9es (pos\u00e9s respectivement aux articles 15, 16 et 17 du RGPD) ;&nbsp;<br><br><\/li>\n\n\n\n<li>Droit \u00e0 la portabilit\u00e9 des donn\u00e9es (article 20 du RGPD) ;<br><br><\/li>\n\n\n\n<li>Droit \u00e0 la limitation (article 18 du RGPD) et \u00e0 l\u2019opposition du traitement des donn\u00e9es (article 21 du RGPD) ;&nbsp;<br><br><\/li>\n\n\n\n<li>Droit de ne pas faire l\u2019objet d\u2019une d\u00e9cision fond\u00e9e exclusivement sur un proc\u00e9d\u00e9 automatis\u00e9&nbsp;;&nbsp;<br><br><\/li>\n\n\n\n<li>Droit de d\u00e9terminer le sort des donn\u00e9es apr\u00e8s la mort ;&nbsp;<br><br><\/li>\n\n\n\n<li>Droit de saisir l\u2019autorit\u00e9 de contr\u00f4le comp\u00e9tente (article 77 du RGPD).&nbsp;<\/li>\n<\/ul>\n\n\n\n<p>Pour exercer ses droits, l\u2019utilisateur devra adresser un courrier \u00e0 ensemble Correspondances, 87 rue R\u00e9aumur, 75002 Paris, ou par mail \u00e0 celine@ensemblecorrepondances.com<\/p>\n\n\n\n<p>Afin que le responsable du traitement des donn\u00e9es puisse faire droit \u00e0 sa demande, l\u2019utilisateur peut \u00eatre tenu de lui communiquer certaines informations telles que : ses noms et pr\u00e9noms, son adresse e-mail.<\/p>\n\n\n\n<p>Consultez le site cnil.fr pour plus d\u2019informations sur vos droits.<br><br><\/p>\n\n\n\n<p><strong>ARTICLE 6 : CONDITIONS DE MODIFICATION DE LA POLITIQUE DE CONFIDENTIALIT\u00c9<\/strong><\/p>\n\n\n\n<p>L\u2019\u00e9diteur du site <a href=\"http:\/\/www.ensemblecorrespondances.com\">www.ensemblecorrespondances.com<\/a> se r\u00e9serve le droit de pouvoir modifier la pr\u00e9sente Politique \u00e0 tout moment afin d\u2019assurer aux utilisateurs du site sa conformit\u00e9 avec le droit en vigueur.&nbsp;<\/p>\n\n\n\n<p>Les \u00e9ventuelles modifications ne sauraient avoir d\u2019incidence sur les achats ant\u00e9rieurement effectu\u00e9s sur le site, lesquels restent soumis \u00e0 la Politique en vigueur au moment de l\u2019achat et telle qu\u2019accept\u00e9e par l\u2019utilisateur lors de la validation de l\u2019achat.&nbsp;<\/p>\n\n\n\n<p>L\u2019utilisateur est invit\u00e9 \u00e0 prendre connaissance de cette Politique \u00e0 chaque fois qu\u2019il utilise nos services, sans qu\u2019il soit n\u00e9cessaire de l\u2019en pr\u00e9venir formellement.&nbsp;<\/p>\n\n\n\n<p>La pr\u00e9sente politique, a \u00e9t\u00e9 \u00e9dit\u00e9e le 16 juin 2023.<\/p>\n","protected":false},"excerpt":{"rendered":"<p>Politique de confidentialit\u00e9 &nbsp; www.ensemblecorrespondances.com ARTICLE 1 : PR\u00c9AMBULE&nbsp; La pr\u00e9sente politique de confidentialit\u00e9 a pour but d\u2019informer les utilisateurs du site :&nbsp; Ce qui distingue twin casino en ligne de nombreux concurrents, c&#8217;est l&#8217;attention port\u00e9e \u00e0 la qualit\u00e9 des jeux propos\u00e9s. Chaque titre est fourni par un d\u00e9veloppeur reconnu et fonctionne de mani\u00e8re fluide [&hellip;]<\/p>\n","protected":false},"author":1,"featured_media":0,"parent":0,"menu_order":0,"comment_status":"closed","ping_status":"closed","template":"","meta":{"_acf_changed":false,"footnotes":""},"class_list":["post-49","page","type-page","status-publish","hentry"],"acf":[],"_links":{"self":[{"href":"https:\/\/www.ensemblecorrespondances.com\/en\/wp-json\/wp\/v2\/pages\/49","targetHints":{"allow":["GET"]}}],"collection":[{"href":"https:\/\/www.ensemblecorrespondances.com\/en\/wp-json\/wp\/v2\/pages"}],"about":[{"href":"https:\/\/www.ensemblecorrespondances.com\/en\/wp-json\/wp\/v2\/types\/page"}],"author":[{"embeddable":true,"href":"https:\/\/www.ensemblecorrespondances.com\/en\/wp-json\/wp\/v2\/users\/1"}],"replies":[{"embeddable":true,"href":"https:\/\/www.ensemblecorrespondances.com\/en\/wp-json\/wp\/v2\/comments?post=49"}],"version-history":[{"count":3,"href":"https:\/\/www.ensemblecorrespondances.com\/en\/wp-json\/wp\/v2\/pages\/49\/revisions"}],"predecessor-version":[{"id":2157,"href":"https:\/\/www.ensemblecorrespondances.com\/en\/wp-json\/wp\/v2\/pages\/49\/revisions\/2157"}],"wp:attachment":[{"href":"https:\/\/www.ensemblecorrespondances.com\/en\/wp-json\/wp\/v2\/media?parent=49"}],"curies":[{"name":"wp","href":"https:\/\/api.w.org\/{rel}","templated":true}]}}