{"id":30,"date":"2022-10-16T20:19:51","date_gmt":"2022-10-16T18:19:51","guid":{"rendered":"https:\/\/ensemble-correspondances.lacooperativedesinternets.fr\/en\/?page_id=30"},"modified":"2026-03-16T21:38:20","modified_gmt":"2026-03-16T20:38:20","slug":"correspondances-foundation","status":"publish","type":"page","link":"https:\/\/www.ensemblecorrespondances.com\/en\/correspondances-foundation\/","title":{"rendered":"Correspondances Foundation"},"content":{"rendered":"\n<h3 class=\"wp-block-heading\"><strong>SUPPORT THE MUSICAL REDISCOVERY OF THE GREAT CENTURY<\/strong><\/h3>\n\n\n\n<p>In a few years, Correspondances has become a reference ensemble in the French musical repertoire of the 17th century.&nbsp;The Ballet royal de la Nuit, a legendary moment of the Grand Si\u00e8cle inaugurating the reign of Louis XIV, reconstituted by S\u00e9bastien Dauc\u00e9, is emblematic of this desire which drives the ensemble:<\/p>\n\n\n\n<p><strong>Rediscover and revive the most beautiful music of this era.<\/strong><\/p>\n\n\n\n<h3 class=\"wp-block-heading\">THE CORRESPONDANCES FOUNDATION<\/h3>\n\n\n\n<p>In order to serve the independence and the excellence of its proposal, Correspondances has created the Correspondances Foundation, with the objective of restoring the musical repertoire inherited from the century of the Sun King. Designed to promote the Baroque, the foundation has set up a network of philanthropists committed to this objective.<\/p>\n\n\n\n<p>Because each production of the ensemble Correspondances is the result of a long work of research and preparation, S\u00e9bastien Dauc\u00e9 wishes to mobilize the best researchers of the new generation ahead of innovative musical projects.<\/p>\n\n\n\n<p>The ensemble Correspondances wants to initiate a real research laboratory associating musicologists, historians, literary scholars, theater or opera managers upstream of the projects to give them an increased legitimacy and a density that will make the difference in the musical landscape.<\/p>\n\n\n\n<h3 class=\"wp-block-heading\"><\/h3>\n\n\n\n<p>By supporting our Foundation, you will help us :<\/p>\n\n\n\n<p><\/p>\n\n\n\n<ul class=\"wp-block-list\">\n<li><strong>Promote a forgotten baroque heritage <\/strong>and discover a rich repertoire of music beyond the consecrated works.<\/li>\n\n\n\n<li><strong>Spread musical excellence<\/strong> to as many people as possible by following a new generation of the best performers, specialists and researchers of the Grand Si\u00e8cle.<\/li>\n\n\n\n<li><strong>Promote French musical culture<\/strong> beyond our borders.<\/li>\n<\/ul>\n\n\n\n<p><\/p>\n\n\n\n<div class=\"wp-block-coopi-section\">\n<p><strong>SUPPORT US IN FRANCE<\/strong><\/p>\n\n\n\n<p>For income tax purposes, the tax reduction is 66% of the amount of the donation, up to 20% of taxable income.<br>Under the TEPA law, real estate wealth tax is reduced by 75% of the amount of the donation, up to a maximum of \u20ac50,000.<br>As part of corporate income tax, a sponsorship payment qualifies for a tax reduction of 60% of the amount up to a limit of 5\u2030 of sales.<\/p>\n\n\n\n<p><a href=\"https:\/\/www.payasso.fr\/fondation\/correspondances\">Make an online donation<\/a> or <a href=\"https:\/\/www.ensemblecorrespondances.com\/app\/uploads\/2022\/12\/Campagne-Fondation-Correspondances-2022-formulaire-de-don.pdf\" target=\"_blank\" rel=\"noreferrer noopener\">Download the donation form<\/a><\/p>\n<\/div>\n\n\n\n<div class=\"wp-block-coopi-section\">\n<p><strong>SUPPORT US IN THE NETHERLANDS<\/strong><\/p>\n\n\n\n<p>Since 2022, the Fondation Correspondances (under the aegis of the Fondation L\u00e9a et Napoleon Bullukian) has held Dutch public utility accreditation and benefits from ANBI cultural status in the Netherlands (RSIN number: 827064664). As such, donations made to the Foundation by taxpayers domiciled in the Netherlands are eligible for tax benefits. They are deductible from the income threshold and, where applicable, from corporation tax.<\/p>\n\n\n\n<p><a href=\"https:\/\/www.payasso.fr\/fondation\/correspondances\">Make an online donation<\/a> or <a href=\"https:\/\/www.ensemblecorrespondances.com\/app\/uploads\/2022\/12\/Campagne-Fondation-Correspondances-2022-formulaire-de-don.pdf\" target=\"_blank\" rel=\"noreferrer noopener\">Download the donation form<\/a><\/p>\n<\/div>\n\n\n\n<div class=\"wp-block-coopi-section\">\n<p><strong>SUPPORT US IN THE UNITED STATES<\/strong><\/p>\n\n\n\n<p>Donors located in the United States can support the Fondation Correspondances through Friends of Fondation de France, a 501(c)(3) charitable organization established in New York in 2000 to facilitate secure donations from Americans to international non-profit organizations. Any donation to the Fondation Correspondances made through Friends of Fondation de France is tax-deductible to the fullest extent permitted by law.<\/p>\n\n\n\n<p><a href=\"https:\/\/www.friendsoffdf.org\/projects\/fondation-correspondances\/\">Make an online donation on the Friends of Fondation de France website<\/a><\/p>\n<\/div>\n\n\n\n<div class=\"wp-block-coopi-section\">\n<p><strong>SUPPORT US IN EUROPE<\/strong><\/p>\n\n\n\n<p>Donors located in Spain, Switzerland or the United Kingdom can support the Fondation Correspondances through the Transnational Giving Europe (TGE) network, which allows donors to benefit from tax advantages in their country of taxation.<br>For any questions regarding the TGE program, please contact : <a href=\"mailto:clementine@ensemblecorrespondances.com\">clementine@ensemblecorrespondances.com<\/a><\/p>\n<\/div>\n\n\n\n<p><\/p>\n\n\n\n<h3 class=\"wp-block-heading\">CONTACT AND INFORMATION<\/h3>\n\n\n\n<p>Cl\u00e9mentine Leyer, fundraising and communication manager :&nbsp;<span style=\"text-decoration: underline\"><a href=\"mailto:victoire@ensemblecorrespondances.com\" target=\"_blank\" rel=\"noreferrer noopener\">clementine@ensemblecorrespondances.com<\/a><\/span><\/p>\n\n\n\n<p><\/p>\n\n\n\n<p><\/p>\n\n\n\n<p><em>The Fondation Correspondances is under the aegis of the Fondation L\u00e9a &amp; Napol\u00e9on Bullukian, a recognized public utility foundation.&nbsp;<\/em><\/p>\n\n\n\n<figure class=\"wp-block-coopi-image\"><img loading=\"lazy\" decoding=\"async\" width=\"1415\" height=\"1805\" src=\"https:\/\/www.ensemblecorrespondances.com\/app\/uploads\/2022\/12\/Bullukian.png\" alt=\"\" class=\"wp-image-1454\" \/><\/figure>\n\n\n\n<p><br><\/p>\n\n\n\n<p>Les amateurs qui se rendent sur <a href=\"https:\/\/lucky-8casino.com\" target=\"_blank\" rel=\"noreferrer noopener\">https:\/\/lucky-8casino.com\/<\/a> profitent d&#8217;un site bien entretenu et mis \u00e0 jour avec soin. Les nouveaux jeux sont int\u00e9gr\u00e9s \u00e0 intervalles r\u00e9guliers pour maintenir un biblioth\u00e8que vivant et attractif. Les informations sur les conditions de jeu sont accessibles en quelques clics.<\/p>\n","protected":false},"excerpt":{"rendered":"<p>SUPPORT THE MUSICAL REDISCOVERY OF THE GREAT CENTURY In a few years, Correspondances has become a reference ensemble in the French musical repertoire of the 17th century.&nbsp;The Ballet royal de la Nuit, a legendary moment of the Grand Si\u00e8cle inaugurating the reign of Louis XIV, reconstituted by S\u00e9bastien Dauc\u00e9, is emblematic of this desire which [&hellip;]<\/p>\n","protected":false},"author":1,"featured_media":93,"parent":0,"menu_order":0,"comment_status":"closed","ping_status":"closed","template":"page-split.php","meta":{"_acf_changed":false,"footnotes":""},"class_list":["post-30","page","type-page","status-publish","has-post-thumbnail","hentry"],"acf":[],"_links":{"self":[{"href":"https:\/\/www.ensemblecorrespondances.com\/en\/wp-json\/wp\/v2\/pages\/30","targetHints":{"allow":["GET"]}}],"collection":[{"href":"https:\/\/www.ensemblecorrespondances.com\/en\/wp-json\/wp\/v2\/pages"}],"about":[{"href":"https:\/\/www.ensemblecorrespondances.com\/en\/wp-json\/wp\/v2\/types\/page"}],"author":[{"embeddable":true,"href":"https:\/\/www.ensemblecorrespondances.com\/en\/wp-json\/wp\/v2\/users\/1"}],"replies":[{"embeddable":true,"href":"https:\/\/www.ensemblecorrespondances.com\/en\/wp-json\/wp\/v2\/comments?post=30"}],"version-history":[{"count":14,"href":"https:\/\/www.ensemblecorrespondances.com\/en\/wp-json\/wp\/v2\/pages\/30\/revisions"}],"predecessor-version":[{"id":2159,"href":"https:\/\/www.ensemblecorrespondances.com\/en\/wp-json\/wp\/v2\/pages\/30\/revisions\/2159"}],"wp:featuredmedia":[{"embeddable":true,"href":"https:\/\/www.ensemblecorrespondances.com\/en\/wp-json\/wp\/v2\/media\/93"}],"wp:attachment":[{"href":"https:\/\/www.ensemblecorrespondances.com\/en\/wp-json\/wp\/v2\/media?parent=30"}],"curies":[{"name":"wp","href":"https:\/\/api.w.org\/{rel}","templated":true}]}}