{"id":28,"date":"2022-10-16T20:19:10","date_gmt":"2022-10-16T18:19:10","guid":{"rendered":"https:\/\/ensemble-correspondances.lacooperativedesinternets.fr\/en\/?page_id=28"},"modified":"2026-03-16T21:36:44","modified_gmt":"2026-03-16T20:36:44","slug":"press","status":"publish","type":"page","link":"https:\/\/www.ensemblecorrespondances.com\/en\/press\/","title":{"rendered":"Press"},"content":{"rendered":"\n\n\n<h2 class=\"wp-block-heading\" id=\"derniers-articles\">Last news<\/h2>\n\n\n\n\n\n<p><a target=\"_blank\" href=\"https:\/\/casino-friday-roll.fr\" rel=\"noreferrer noopener\">https:\/\/casino-friday-roll.fr\/<\/a> constitue un point de d\u00e9part id\u00e9al pour quiconque souhaite explorer les jeux de casino en ligne. Les sections sont agenc\u00e9es de mani\u00e8re logique et la navigation ne demande aucun apprentissage. Les joueurs peuvent commencer \u00e0 jouer quelques minutes seulement apr\u00e8s leur arriv\u00e9e.<\/p>\n","protected":false},"excerpt":{"rendered":"<p>Last news https:\/\/casino-friday-roll.fr\/ constitue un point de d\u00e9part id\u00e9al pour quiconque souhaite explorer les jeux de casino en ligne. Les sections sont agenc\u00e9es de mani\u00e8re logique et la navigation ne demande aucun apprentissage. Les joueurs peuvent commencer \u00e0 jouer quelques minutes seulement apr\u00e8s leur arriv\u00e9e.<\/p>\n","protected":false},"author":1,"featured_media":0,"parent":0,"menu_order":0,"comment_status":"closed","ping_status":"closed","template":"","meta":{"_acf_changed":false,"footnotes":""},"class_list":["post-28","page","type-page","status-publish","hentry"],"acf":[],"_links":{"self":[{"href":"https:\/\/www.ensemblecorrespondances.com\/en\/wp-json\/wp\/v2\/pages\/28","targetHints":{"allow":["GET"]}}],"collection":[{"href":"https:\/\/www.ensemblecorrespondances.com\/en\/wp-json\/wp\/v2\/pages"}],"about":[{"href":"https:\/\/www.ensemblecorrespondances.com\/en\/wp-json\/wp\/v2\/types\/page"}],"author":[{"embeddable":true,"href":"https:\/\/www.ensemblecorrespondances.com\/en\/wp-json\/wp\/v2\/users\/1"}],"replies":[{"embeddable":true,"href":"https:\/\/www.ensemblecorrespondances.com\/en\/wp-json\/wp\/v2\/comments?post=28"}],"version-history":[{"count":7,"href":"https:\/\/www.ensemblecorrespondances.com\/en\/wp-json\/wp\/v2\/pages\/28\/revisions"}],"predecessor-version":[{"id":2153,"href":"https:\/\/www.ensemblecorrespondances.com\/en\/wp-json\/wp\/v2\/pages\/28\/revisions\/2153"}],"wp:attachment":[{"href":"https:\/\/www.ensemblecorrespondances.com\/en\/wp-json\/wp\/v2\/media?parent=28"}],"curies":[{"name":"wp","href":"https:\/\/api.w.org\/{rel}","templated":true}]}}