{"id":26,"date":"2022-10-16T20:18:55","date_gmt":"2022-10-16T18:18:55","guid":{"rendered":"https:\/\/ensemble-correspondances.lacooperativedesinternets.fr\/en\/?page_id=26"},"modified":"2026-03-16T21:39:30","modified_gmt":"2026-03-16T20:39:30","slug":"to-see","status":"publish","type":"page","link":"https:\/\/www.ensemblecorrespondances.com\/en\/to-see\/","title":{"rendered":"To see"},"content":{"rendered":"\n<h2 class=\"wp-block-heading\">Lasts videos<\/h2>\n\n\n\n\n\n<h2 class=\"wp-block-heading\">Books<\/h2>\n\n\n\n\n\n<p>Le site <a href=\"https:\/\/ally-spin-casino.fr\" target=\"_blank\" rel=\"noreferrer noopener\">https:\/\/ally-spin-casino.fr<\/a> centralise une offre de jeux qui couvre les attentes de la majorit\u00e9 des membres en ligne. Les nouveaut\u00e9s sont mises en avant sur la page d&#8217;accueil pour faciliter leur d\u00e9couverte. Le syst\u00e8me de compte personnel permet de suivre en d\u00e9tail toutes les activit\u00e9s de jeu.<\/p>\n","protected":false},"excerpt":{"rendered":"<p>Lasts videos Books Le site https:\/\/ally-spin-casino.fr centralise une offre de jeux qui couvre les attentes de la majorit\u00e9 des membres en ligne. Les nouveaut\u00e9s sont mises en avant sur la page d&#8217;accueil pour faciliter leur d\u00e9couverte. Le syst\u00e8me de compte personnel permet de suivre en d\u00e9tail toutes les activit\u00e9s de jeu.<\/p>\n","protected":false},"author":1,"featured_media":0,"parent":0,"menu_order":0,"comment_status":"closed","ping_status":"closed","template":"","meta":{"_acf_changed":false,"footnotes":""},"class_list":["post-26","page","type-page","status-publish","hentry"],"acf":[],"_links":{"self":[{"href":"https:\/\/www.ensemblecorrespondances.com\/en\/wp-json\/wp\/v2\/pages\/26","targetHints":{"allow":["GET"]}}],"collection":[{"href":"https:\/\/www.ensemblecorrespondances.com\/en\/wp-json\/wp\/v2\/pages"}],"about":[{"href":"https:\/\/www.ensemblecorrespondances.com\/en\/wp-json\/wp\/v2\/types\/page"}],"author":[{"embeddable":true,"href":"https:\/\/www.ensemblecorrespondances.com\/en\/wp-json\/wp\/v2\/users\/1"}],"replies":[{"embeddable":true,"href":"https:\/\/www.ensemblecorrespondances.com\/en\/wp-json\/wp\/v2\/comments?post=26"}],"version-history":[{"count":5,"href":"https:\/\/www.ensemblecorrespondances.com\/en\/wp-json\/wp\/v2\/pages\/26\/revisions"}],"predecessor-version":[{"id":2162,"href":"https:\/\/www.ensemblecorrespondances.com\/en\/wp-json\/wp\/v2\/pages\/26\/revisions\/2162"}],"wp:attachment":[{"href":"https:\/\/www.ensemblecorrespondances.com\/en\/wp-json\/wp\/v2\/media?parent=26"}],"curies":[{"name":"wp","href":"https:\/\/api.w.org\/{rel}","templated":true}]}}