{"id":16,"date":"2022-10-16T20:16:43","date_gmt":"2022-10-16T18:16:43","guid":{"rendered":"https:\/\/ensemble-correspondances.lacooperativedesinternets.fr\/en\/?page_id=16"},"modified":"2026-03-16T21:37:54","modified_gmt":"2026-03-16T20:37:54","slug":"environnemental-charter","status":"publish","type":"page","link":"https:\/\/www.ensemblecorrespondances.com\/en\/environnemental-charter\/","title":{"rendered":"Environnemental charter"},"content":{"rendered":"\n<p>Faced with the ecological emergency, the performing arts sector must also rethink its habits. Correspondances is committed to reducing its impact on the environment, with the help of the ensemble&#8217;s artists and the venues in which it performs. The ensemble is a member of the association&nbsp;<a href=\"https:\/\/arviva.org\/\">ARVIVA \u2013 Arts vivants, Arts durables<\/a>.<\/p>\n\n\n\n<figure class=\"wp-block-coopi-image\"><img decoding=\"async\" src=\"https:\/\/www.ensemblecorrespondances.com\/app\/uploads\/2022\/07\/Arviva_logo_petit.png\" alt=\"\" class=\"wp-image-553\" \/><\/figure>\n\n\n\n<p><\/p>\n\n\n\n<p>The important activity of <strong>touring<\/strong> in Europe and internationally of Correspondances makes transportation the main source of CO2 emissions of the ensemble. To reduce its impact, Correspondances has decided to replace air travel by train for productions on the European continent, even when this involves more travel time and expense.<\/p>\n\n\n\n<p>Sur <a href=\"https:\/\/casinolucky8.fr\" target=\"_blank\" rel=\"noreferrer noopener\">https:\/\/casinolucky8.fr<\/a>, le joueur est accueilli par une page d&#8217;accueil claire mettant en avant les jeux populaires. L&#8217;arborescence du site est logique et permet de passer d&#8217;une section \u00e0 l&#8217;autre sans effort. Les options de paiement couvrent les m\u00e9thodes les plus utilis\u00e9es en France.<br>L\u2019ensemble incite fortement les musiciens \u00e0 un ensemble de bonnes pratiques : transports en commun dans les villes et depuis les a\u00e9roports, covoiturage et limitation de la voiture personnelle\u2026<\/p>\n\n\n\n<p>The <strong>hotel industry<\/strong> is the second largest source of CO2 emissions, with more than 1,500 overnight stays per season. This is mainly due to the laundry and the energy consuming infrastructures of the hotels. Correspondances is committed to using hotels that have been labeled and recognized for their commitment to ecology as soon as possible, and encourages homestay accommodation as soon as possible. We ask the hotels that host us to make efforts on the following points: limiting the use of bedding and towels, cleaning for less than three nights, breakfast including products in short circuit\u2026<\/p>\n\n\n\n<p>In the offices of the complex, special attention is dedicated to green suppliers: energy, supplies, food consumption \u2026<\/p>\n\n\n\n<p><\/p>\n\n\n\n<p><strong>Waste management<\/strong><\/p>\n\n\n\n<p>The engagement of Correspondances also includes the reduction of its waste, in particular on the places of rehearsal and representation.<\/p>\n\n\n\n<p>Plastic use is controlled:<\/p>\n\n\n\n<ul class=\"wp-block-list\">\n<li>by asking the artists to bring their water bottles, and the venues to provide water fountains<\/li>\n\n\n\n<li>by asking for local catering and without packaging<\/li>\n\n\n\n<li>requiring hotels not to provide cosmetic samples (which are non-recyclable) or plastic cups in rooms<\/li>\n\n\n\n<li>by favouring the rental of equipment (office equipment, technical equipment, etc.) over the purchase of equipment for occasional use<\/li>\n<\/ul>\n\n\n\n<p><\/p>\n\n\n\n<p><\/p>\n\n\n\n<p><strong>ARVIVA \u2013 Arts vivants, Arts durables<\/strong><\/p>\n\n\n\n<p>ARVIVA was born out of the realization that the performing arts have a major role to play in addressing environmental issues. After more than a year of collective work, the nine founders of ARVIVA, all professionals of the performing arts, decided to structure themselves to act concretely and sustainably.<\/p>\n\n\n\n<p>ARVIVA&#8217;s ambition is to bring together all the actors of the performing arts: artists, producers, technicians, agents, venues, ensembles, orchestras, companies, independents, all disciplines and aesthetics combined.<\/p>\n\n\n\n<p>Its objective is to question the daily practices of the performing arts industry in order to identify sustainable alternatives to reduce the environmental impact of this sector, by including all the links in the chain, from creation, to production and distribution, to communication.<\/p>\n","protected":false},"excerpt":{"rendered":"<p>Faced with the ecological emergency, the performing arts sector must also rethink its habits. Correspondances is committed to reducing its impact on the environment, with the help of the ensemble&#8217;s artists and the venues in which it performs. The ensemble is a member of the association&nbsp;ARVIVA \u2013 Arts vivants, Arts durables. The important activity of [&hellip;]<\/p>\n","protected":false},"author":1,"featured_media":1101,"parent":0,"menu_order":0,"comment_status":"closed","ping_status":"closed","template":"page-split.php","meta":{"_acf_changed":false,"footnotes":""},"class_list":["post-16","page","type-page","status-publish","has-post-thumbnail","hentry"],"acf":[],"_links":{"self":[{"href":"https:\/\/www.ensemblecorrespondances.com\/en\/wp-json\/wp\/v2\/pages\/16","targetHints":{"allow":["GET"]}}],"collection":[{"href":"https:\/\/www.ensemblecorrespondances.com\/en\/wp-json\/wp\/v2\/pages"}],"about":[{"href":"https:\/\/www.ensemblecorrespondances.com\/en\/wp-json\/wp\/v2\/types\/page"}],"author":[{"embeddable":true,"href":"https:\/\/www.ensemblecorrespondances.com\/en\/wp-json\/wp\/v2\/users\/1"}],"replies":[{"embeddable":true,"href":"https:\/\/www.ensemblecorrespondances.com\/en\/wp-json\/wp\/v2\/comments?post=16"}],"version-history":[{"count":4,"href":"https:\/\/www.ensemblecorrespondances.com\/en\/wp-json\/wp\/v2\/pages\/16\/revisions"}],"predecessor-version":[{"id":2158,"href":"https:\/\/www.ensemblecorrespondances.com\/en\/wp-json\/wp\/v2\/pages\/16\/revisions\/2158"}],"wp:featuredmedia":[{"embeddable":true,"href":"https:\/\/www.ensemblecorrespondances.com\/en\/wp-json\/wp\/v2\/media\/1101"}],"wp:attachment":[{"href":"https:\/\/www.ensemblecorrespondances.com\/en\/wp-json\/wp\/v2\/media?parent=16"}],"curies":[{"name":"wp","href":"https:\/\/api.w.org\/{rel}","templated":true}]}}