{"id":14,"date":"2022-10-16T20:13:35","date_gmt":"2022-10-16T18:13:35","guid":{"rendered":"https:\/\/ensemble-correspondances.lacooperativedesinternets.fr\/en\/?page_id=14"},"modified":"2026-03-16T21:39:08","modified_gmt":"2026-03-16T20:39:08","slug":"team","status":"publish","type":"page","link":"https:\/\/www.ensemblecorrespondances.com\/en\/team\/","title":{"rendered":"Team"},"content":{"rendered":"\n<p class=\"has-text-align-center\" id=\"block-233db96b-cdf3-4c95-a00f-eba7a68a4bb2\"><em>Head office<\/em><br>135, Boulevard Mar\u00e9chal Leclerc &#8211; 14000 Caen<\/p>\n\n\n\n<p class=\"has-text-align-center\" id=\"block-3f801218-bb58-4e31-ba83-2e18379704ff\"><em>Offices<\/em><br>87, rue R\u00e9aumur &#8211; 75002 Paris<\/p>\n\n\n\n\n\n<p>Le s\u00e9lection de <a href=\"https:\/\/casino-sugar.fr\" target=\"_blank\" rel=\"noreferrer noopener\">sugar casino<\/a> t\u00e9moigne d&#8217;une collaboration \u00e9troite avec les meilleurs \u00e9diteurs du march\u00e9. Des jeux de machines \u00e0 sous innovantes aux classiques du jeu de table, la diversit\u00e9 est au rendez-vous. Les utilisateurs b\u00e9n\u00e9ficient d&#8217;une interface pens\u00e9e pour rendre chaque visite agr\u00e9able.<\/p>\n","protected":false},"excerpt":{"rendered":"<p>Head office135, Boulevard Mar\u00e9chal Leclerc &#8211; 14000 Caen Offices87, rue R\u00e9aumur &#8211; 75002 Paris Le s\u00e9lection de sugar casino t\u00e9moigne d&#8217;une collaboration \u00e9troite avec les meilleurs \u00e9diteurs du march\u00e9. Des jeux de machines \u00e0 sous innovantes aux classiques du jeu de table, la diversit\u00e9 est au rendez-vous. Les utilisateurs b\u00e9n\u00e9ficient d&#8217;une interface pens\u00e9e pour rendre [&hellip;]<\/p>\n","protected":false},"author":1,"featured_media":0,"parent":0,"menu_order":0,"comment_status":"closed","ping_status":"closed","template":"","meta":{"_acf_changed":false,"footnotes":""},"class_list":["post-14","page","type-page","status-publish","hentry"],"acf":[],"_links":{"self":[{"href":"https:\/\/www.ensemblecorrespondances.com\/en\/wp-json\/wp\/v2\/pages\/14","targetHints":{"allow":["GET"]}}],"collection":[{"href":"https:\/\/www.ensemblecorrespondances.com\/en\/wp-json\/wp\/v2\/pages"}],"about":[{"href":"https:\/\/www.ensemblecorrespondances.com\/en\/wp-json\/wp\/v2\/types\/page"}],"author":[{"embeddable":true,"href":"https:\/\/www.ensemblecorrespondances.com\/en\/wp-json\/wp\/v2\/users\/1"}],"replies":[{"embeddable":true,"href":"https:\/\/www.ensemblecorrespondances.com\/en\/wp-json\/wp\/v2\/comments?post=14"}],"version-history":[{"count":5,"href":"https:\/\/www.ensemblecorrespondances.com\/en\/wp-json\/wp\/v2\/pages\/14\/revisions"}],"predecessor-version":[{"id":2161,"href":"https:\/\/www.ensemblecorrespondances.com\/en\/wp-json\/wp\/v2\/pages\/14\/revisions\/2161"}],"wp:attachment":[{"href":"https:\/\/www.ensemblecorrespondances.com\/en\/wp-json\/wp\/v2\/media?parent=14"}],"curies":[{"name":"wp","href":"https:\/\/api.w.org\/{rel}","templated":true}]}}